{"id":3463,"date":"2025-11-18T09:59:05","date_gmt":"2025-11-18T09:59:05","guid":{"rendered":"https:\/\/breathwork-hannover.com\/?page_id=3463"},"modified":"2025-11-19T07:48:40","modified_gmt":"2025-11-19T07:48:40","slug":"breathing-space","status":"publish","type":"page","link":"https:\/\/breathwork-hannover.com\/?page_id=3463","title":{"rendered":"Breathing Space"},"content":{"rendered":"\t\t<div data-elementor-type=\"wp-page\" data-elementor-id=\"3463\" class=\"elementor elementor-3463\" data-elementor-post-type=\"page\">\n\t\t\t\t\t\t<section class=\"elementor-section elementor-top-section elementor-element elementor-element-9eaad07 elementor-section-boxed elementor-section-height-default elementor-section-height-default\" data-id=\"9eaad07\" data-element_type=\"section\" data-e-type=\"section\" data-settings=\"{&quot;background_background&quot;:&quot;classic&quot;,&quot;_ha_eqh_enable&quot;:false}\">\n\t\t\t\t\t\t\t<div class=\"elementor-background-overlay\"><\/div>\n\t\t\t\t\t\t\t<div class=\"elementor-container elementor-column-gap-default\">\n\t\t\t\t\t<div class=\"elementor-column elementor-col-100 elementor-top-column elementor-element elementor-element-1552e4f\" data-id=\"1552e4f\" data-element_type=\"column\" data-e-type=\"column\">\n\t\t\t<div class=\"elementor-widget-wrap\">\n\t\t\t\t\t\t\t<\/div>\n\t\t<\/div>\n\t\t\t\t\t<\/div>\n\t\t<\/section>\n\t\t\t\t<section class=\"elementor-section elementor-top-section elementor-element elementor-element-4b80f0a elementor-section-boxed elementor-section-height-default elementor-section-height-default\" data-id=\"4b80f0a\" data-element_type=\"section\" data-e-type=\"section\" data-settings=\"{&quot;_ha_eqh_enable&quot;:false}\">\n\t\t\t\t\t\t<div class=\"elementor-container elementor-column-gap-default\">\n\t\t\t\t\t<div class=\"elementor-column elementor-col-100 elementor-top-column elementor-element elementor-element-7f760db\" data-id=\"7f760db\" data-element_type=\"column\" data-e-type=\"column\">\n\t\t\t<div class=\"elementor-widget-wrap elementor-element-populated\">\n\t\t\t\t\t\t<div class=\"elementor-element elementor-element-b5052d5 elementor-widget elementor-widget-heading\" data-id=\"b5052d5\" data-element_type=\"widget\" data-e-type=\"widget\" data-widget_type=\"heading.default\">\n\t\t\t\t<div class=\"elementor-widget-container\">\n\t\t\t\t\t<h2 class=\"elementor-heading-title elementor-size-default\">Breathing Space<\/h2>\t\t\t\t<\/div>\n\t\t\t\t<\/div>\n\t\t\t\t<div class=\"elementor-element elementor-element-6fc452e elementor-widget elementor-widget-text-editor\" data-id=\"6fc452e\" data-element_type=\"widget\" data-e-type=\"widget\" data-widget_type=\"text-editor.default\">\n\t\t\t\t<div class=\"elementor-widget-container\">\n\t\t\t\t\t\t\t\t\t<p style=\"text-align: center;\">Meine Breathwork-Sessions finden in den R\u00e4umen des <em data-start=\"147\" data-end=\"166\">Yay! You and Yoga<\/em> Studios in Hannover (S\u00fcdstadt) statt.<\/p><p style=\"text-align: center;\">F\u00fcr 1:1-Begleitungen habe ich dort meinen eigenen, liebevoll gestalteten Raum, der Ruhe, Tiefe und Geborgenheit erm\u00f6glicht.<\/p><p style=\"text-align: center;\">\u00a0<\/p>\t\t\t\t\t\t\t\t<\/div>\n\t\t\t\t<\/div>\n\t\t\t\t\t<\/div>\n\t\t<\/div>\n\t\t\t\t\t<\/div>\n\t\t<\/section>\n\t\t\t\t<section class=\"elementor-section elementor-top-section elementor-element elementor-element-0a0f740 elementor-section-boxed elementor-section-height-default elementor-section-height-default\" data-id=\"0a0f740\" data-element_type=\"section\" data-e-type=\"section\" data-settings=\"{&quot;_ha_eqh_enable&quot;:false}\">\n\t\t\t\t\t\t<div class=\"elementor-container elementor-column-gap-default\">\n\t\t\t\t\t<div class=\"elementor-column elementor-col-20 elementor-top-column elementor-element elementor-element-1be7adc\" data-id=\"1be7adc\" data-element_type=\"column\" data-e-type=\"column\">\n\t\t\t<div class=\"elementor-widget-wrap elementor-element-populated\">\n\t\t\t\t\t\t<div class=\"elementor-element elementor-element-55cecc7 elementor-widget elementor-widget-image\" data-id=\"55cecc7\" data-element_type=\"widget\" data-e-type=\"widget\" data-widget_type=\"image.default\">\n\t\t\t\t<div class=\"elementor-widget-container\">\n\t\t\t\t\t\t\t\t\t\t\t\t\t\t\t<img decoding=\"async\" src=\"https:\/\/breathwork-hannover.com\/wp-content\/uploads\/elementor\/thumbs\/Screenshot_20251118_111022_com_hihonor_photos_SlotAlbumActivity-revu05jp7wsk3aphft4exlne7c4pusz2ihz58bok94.jpg\" title=\"Screenshot_20251118_111022_com_hihonor_photos_SlotAlbumActivity\" alt=\"Screenshot_20251118_111022_com_hihonor_photos_SlotAlbumActivity\" loading=\"lazy\" \/>\t\t\t\t\t\t\t\t\t\t\t\t\t\t\t<\/div>\n\t\t\t\t<\/div>\n\t\t\t\t\t<\/div>\n\t\t<\/div>\n\t\t\t\t<div class=\"elementor-column elementor-col-20 elementor-top-column elementor-element elementor-element-8922389\" data-id=\"8922389\" data-element_type=\"column\" data-e-type=\"column\">\n\t\t\t<div class=\"elementor-widget-wrap elementor-element-populated\">\n\t\t\t\t\t\t<div class=\"elementor-element elementor-element-9fccfa0 elementor-widget elementor-widget-image\" data-id=\"9fccfa0\" data-element_type=\"widget\" data-e-type=\"widget\" data-widget_type=\"image.default\">\n\t\t\t\t<div class=\"elementor-widget-container\">\n\t\t\t\t\t\t\t\t\t\t\t\t\t\t\t<img decoding=\"async\" src=\"https:\/\/breathwork-hannover.com\/wp-content\/uploads\/elementor\/thumbs\/IMG_20250923_180825-scaled-revtzg623dttdtqck05hka1y5xlt2z6bf0d19uq6x4.jpg\" title=\"IMG_20250923_180825\" alt=\"IMG_20250923_180825\" loading=\"lazy\" \/>\t\t\t\t\t\t\t\t\t\t\t\t\t\t\t<\/div>\n\t\t\t\t<\/div>\n\t\t\t\t\t<\/div>\n\t\t<\/div>\n\t\t\t\t<div class=\"elementor-column elementor-col-20 elementor-top-column elementor-element elementor-element-c9b7eb3\" data-id=\"c9b7eb3\" data-element_type=\"column\" data-e-type=\"column\">\n\t\t\t<div class=\"elementor-widget-wrap elementor-element-populated\">\n\t\t\t\t\t\t<div class=\"elementor-element elementor-element-6289d26 elementor-widget elementor-widget-image\" data-id=\"6289d26\" data-element_type=\"widget\" data-e-type=\"widget\" data-widget_type=\"image.default\">\n\t\t\t\t<div class=\"elementor-widget-container\">\n\t\t\t\t\t\t\t\t\t\t\t\t\t\t\t<img decoding=\"async\" src=\"https:\/\/breathwork-hannover.com\/wp-content\/uploads\/elementor\/thumbs\/Screenshot_20251118_110742_com_hihonor_photos_SlotAlbumActivity-1-revtzy0zp8i9if0enpvednjpg95s5857tgr9e3zpmw.jpg\" title=\"Screenshot_20251118_110742_com_hihonor_photos_SlotAlbumActivity 1\" alt=\"Screenshot_20251118_110742_com_hihonor_photos_SlotAlbumActivity 1\" loading=\"lazy\" \/>\t\t\t\t\t\t\t\t\t\t\t\t\t\t\t<\/div>\n\t\t\t\t<\/div>\n\t\t\t\t\t<\/div>\n\t\t<\/div>\n\t\t\t\t<div class=\"elementor-column elementor-col-20 elementor-top-column elementor-element elementor-element-d9eb21b\" data-id=\"d9eb21b\" data-element_type=\"column\" data-e-type=\"column\">\n\t\t\t<div class=\"elementor-widget-wrap elementor-element-populated\">\n\t\t\t\t\t\t<div class=\"elementor-element elementor-element-f8b056d elementor-widget elementor-widget-image\" data-id=\"f8b056d\" data-element_type=\"widget\" data-e-type=\"widget\" data-widget_type=\"image.default\">\n\t\t\t\t<div class=\"elementor-widget-container\">\n\t\t\t\t\t\t\t\t\t\t\t\t\t\t\t<img decoding=\"async\" src=\"https:\/\/breathwork-hannover.com\/wp-content\/uploads\/elementor\/thumbs\/Screenshot_20251118_111223_com_hihonor_photos_SlotAlbumActivity-revu08d7sewf24ldzccan2xrzhqthwa9ivxlo5kdqg.jpg\" title=\"Screenshot_20251118_111223_com_hihonor_photos_SlotAlbumActivity\" alt=\"Screenshot_20251118_111223_com_hihonor_photos_SlotAlbumActivity\" loading=\"lazy\" \/>\t\t\t\t\t\t\t\t\t\t\t\t\t\t\t<\/div>\n\t\t\t\t<\/div>\n\t\t\t\t\t<\/div>\n\t\t<\/div>\n\t\t\t\t<div class=\"elementor-column elementor-col-20 elementor-top-column elementor-element elementor-element-35002dc\" data-id=\"35002dc\" data-element_type=\"column\" data-e-type=\"column\">\n\t\t\t<div class=\"elementor-widget-wrap elementor-element-populated\">\n\t\t\t\t\t\t<div class=\"elementor-element elementor-element-b3b39ec elementor-widget elementor-widget-image\" data-id=\"b3b39ec\" data-element_type=\"widget\" data-e-type=\"widget\" data-widget_type=\"image.default\">\n\t\t\t\t<div class=\"elementor-widget-container\">\n\t\t\t\t\t\t\t\t\t\t\t\t\t\t\t<img decoding=\"async\" src=\"https:\/\/breathwork-hannover.com\/wp-content\/uploads\/elementor\/thumbs\/Screenshot_20251118_110942_com_hihonor_photos_SlotAlbumActivity-revu01scgknesuuy1rhwnmljtsn900k55zd7b7u4y0.jpg\" title=\"Screenshot_20251118_110942_com_hihonor_photos_SlotAlbumActivity\" alt=\"Screenshot_20251118_110942_com_hihonor_photos_SlotAlbumActivity\" loading=\"lazy\" \/>\t\t\t\t\t\t\t\t\t\t\t\t\t\t\t<\/div>\n\t\t\t\t<\/div>\n\t\t\t\t\t<\/div>\n\t\t<\/div>\n\t\t\t\t\t<\/div>\n\t\t<\/section>\n\t\t\t\t<section class=\"elementor-section elementor-top-section elementor-element elementor-element-acd56d6 elementor-section-boxed elementor-section-height-default elementor-section-height-default\" data-id=\"acd56d6\" data-element_type=\"section\" data-e-type=\"section\" data-settings=\"{&quot;_ha_eqh_enable&quot;:false}\">\n\t\t\t\t\t\t<div class=\"elementor-container elementor-column-gap-default\">\n\t\t\t\t\t<div class=\"elementor-column elementor-col-100 elementor-top-column elementor-element elementor-element-c1e3b58\" data-id=\"c1e3b58\" data-element_type=\"column\" data-e-type=\"column\">\n\t\t\t<div class=\"elementor-widget-wrap elementor-element-populated\">\n\t\t\t\t\t\t<div class=\"elementor-element elementor-element-79c75b5 elementor-widget elementor-widget-text-editor\" data-id=\"79c75b5\" data-element_type=\"widget\" data-e-type=\"widget\" data-widget_type=\"text-editor.default\">\n\t\t\t\t<div class=\"elementor-widget-container\">\n\t\t\t\t\t\t\t\t\t<p style=\"text-align: center;\">\u00a0<\/p><p style=\"text-align: center;\">F\u00fcr Gruppen \u00f6ffnet sich der gro\u00dfe, lichtdurchflutete Yoga-Raum des Studios \u2013 ein Ort, an dem wir gemeinsam die Kraft des Atems erleben und tragen d\u00fcrfen.<\/p><p>\u00a0<\/p>\t\t\t\t\t\t\t\t<\/div>\n\t\t\t\t<\/div>\n\t\t\t\t\t<\/div>\n\t\t<\/div>\n\t\t\t\t\t<\/div>\n\t\t<\/section>\n\t\t\t\t<section class=\"elementor-section elementor-top-section elementor-element elementor-element-d7068f1 elementor-section-boxed elementor-section-height-default elementor-section-height-default\" data-id=\"d7068f1\" data-element_type=\"section\" data-e-type=\"section\" data-settings=\"{&quot;_ha_eqh_enable&quot;:false}\">\n\t\t\t\t\t\t<div class=\"elementor-container elementor-column-gap-default\">\n\t\t\t\t\t<div class=\"elementor-column elementor-col-100 elementor-top-column elementor-element elementor-element-de25769\" data-id=\"de25769\" data-element_type=\"column\" data-e-type=\"column\">\n\t\t\t<div class=\"elementor-widget-wrap elementor-element-populated\">\n\t\t\t\t\t\t<div class=\"elementor-element elementor-element-8203ff5 elementor-widget elementor-widget-image\" data-id=\"8203ff5\" data-element_type=\"widget\" data-e-type=\"widget\" data-widget_type=\"image.default\">\n\t\t\t\t<div class=\"elementor-widget-container\">\n\t\t\t\t\t\t\t\t\t\t\t\t\t\t\t<img decoding=\"async\" src=\"https:\/\/breathwork-hannover.com\/wp-content\/uploads\/elementor\/thumbs\/IMG_20251118_111610-revtzse27sn9y6dihbcorto0m449kf6sul40xp4rq0.jpg\" title=\"IMG_20251118_111610\" alt=\"IMG_20251118_111610\" loading=\"lazy\" \/>\t\t\t\t\t\t\t\t\t\t\t\t\t\t\t<\/div>\n\t\t\t\t<\/div>\n\t\t\t\t\t<\/div>\n\t\t<\/div>\n\t\t\t\t\t<\/div>\n\t\t<\/section>\n\t\t\t\t<\/div>\n\t\t","protected":false},"excerpt":{"rendered":"<p>Breathing Space Meine Breathwork-Sessions finden in den R\u00e4umen des Yay! You and Yoga Studios in Hannover (S\u00fcdstadt) statt. F\u00fcr 1:1-Begleitungen habe ich dort meinen eigenen, liebevoll gestalteten Raum, der Ruhe, Tiefe und Geborgenheit erm\u00f6glicht. \u00a0 \u00a0 F\u00fcr Gruppen \u00f6ffnet sich der gro\u00dfe, lichtdurchflutete Yoga-Raum des Studios \u2013 ein Ort, an dem wir gemeinsam die Kraft [&hellip;]<\/p>\n","protected":false},"author":3,"featured_media":0,"parent":0,"menu_order":0,"comment_status":"closed","ping_status":"closed","template":"","meta":{"footnotes":""},"class_list":["post-3463","page","type-page","status-publish","hentry"],"_links":{"self":[{"href":"https:\/\/breathwork-hannover.com\/index.php?rest_route=\/wp\/v2\/pages\/3463","targetHints":{"allow":["GET"]}}],"collection":[{"href":"https:\/\/breathwork-hannover.com\/index.php?rest_route=\/wp\/v2\/pages"}],"about":[{"href":"https:\/\/breathwork-hannover.com\/index.php?rest_route=\/wp\/v2\/types\/page"}],"author":[{"embeddable":true,"href":"https:\/\/breathwork-hannover.com\/index.php?rest_route=\/wp\/v2\/users\/3"}],"replies":[{"embeddable":true,"href":"https:\/\/breathwork-hannover.com\/index.php?rest_route=%2Fwp%2Fv2%2Fcomments&post=3463"}],"version-history":[{"count":13,"href":"https:\/\/breathwork-hannover.com\/index.php?rest_route=\/wp\/v2\/pages\/3463\/revisions"}],"predecessor-version":[{"id":3509,"href":"https:\/\/breathwork-hannover.com\/index.php?rest_route=\/wp\/v2\/pages\/3463\/revisions\/3509"}],"wp:attachment":[{"href":"https:\/\/breathwork-hannover.com\/index.php?rest_route=%2Fwp%2Fv2%2Fmedia&parent=3463"}],"curies":[{"name":"wp","href":"https:\/\/api.w.org\/{rel}","templated":true}]}}