{"id":25,"date":"2022-08-14T23:55:32","date_gmt":"2022-08-14T23:55:32","guid":{"rendered":"https:\/\/breathwork-hannover.com\/?page_id=25"},"modified":"2025-11-18T09:53:05","modified_gmt":"2025-11-18T09:53:05","slug":"about","status":"publish","type":"page","link":"https:\/\/breathwork-hannover.com\/?page_id=25","title":{"rendered":"About"},"content":{"rendered":"\t\t<div data-elementor-type=\"wp-page\" data-elementor-id=\"25\" class=\"elementor elementor-25\" data-elementor-post-type=\"page\">\n\t\t\t\t\t\t<section class=\"elementor-section elementor-top-section elementor-element elementor-element-2d3734c7 elementor-section-full_width elementor-section-height-default elementor-section-height-default\" data-id=\"2d3734c7\" data-element_type=\"section\" data-e-type=\"section\" data-settings=\"{&quot;background_background&quot;:&quot;classic&quot;,&quot;_ha_eqh_enable&quot;:false}\">\n\t\t\t\t\t\t<div class=\"elementor-container elementor-column-gap-default\">\n\t\t\t\t\t<div class=\"elementor-column elementor-col-50 elementor-top-column elementor-element elementor-element-4dd93406\" data-id=\"4dd93406\" data-element_type=\"column\" data-e-type=\"column\" data-settings=\"{&quot;background_background&quot;:&quot;classic&quot;}\">\n\t\t\t<div class=\"elementor-widget-wrap elementor-element-populated\">\n\t\t\t\t\t\t<div class=\"elementor-element elementor-element-1fc7b8c elementor-widget elementor-widget-spacer\" data-id=\"1fc7b8c\" data-element_type=\"widget\" data-e-type=\"widget\" data-widget_type=\"spacer.default\">\n\t\t\t\t<div class=\"elementor-widget-container\">\n\t\t\t\t\t\t\t<div class=\"elementor-spacer\">\n\t\t\t<div class=\"elementor-spacer-inner\"><\/div>\n\t\t<\/div>\n\t\t\t\t\t\t<\/div>\n\t\t\t\t<\/div>\n\t\t\t\t\t<\/div>\n\t\t<\/div>\n\t\t\t\t<div class=\"elementor-column elementor-col-50 elementor-top-column elementor-element elementor-element-5a96a03\" data-id=\"5a96a03\" data-element_type=\"column\" data-e-type=\"column\" data-settings=\"{&quot;background_background&quot;:&quot;classic&quot;}\">\n\t\t\t<div class=\"elementor-widget-wrap elementor-element-populated\">\n\t\t\t\t\t\t<div class=\"elementor-element elementor-element-2d08dd0 elementor-widget elementor-widget-heading\" data-id=\"2d08dd0\" data-element_type=\"widget\" data-e-type=\"widget\" data-widget_type=\"heading.default\">\n\t\t\t\t<div class=\"elementor-widget-container\">\n\t\t\t\t\t<h2 class=\"elementor-heading-title elementor-size-default\">About Me<\/h2>\t\t\t\t<\/div>\n\t\t\t\t<\/div>\n\t\t\t\t<div class=\"elementor-element elementor-element-31714440 elementor-widget elementor-widget-heading\" data-id=\"31714440\" data-element_type=\"widget\" data-e-type=\"widget\" data-widget_type=\"heading.default\">\n\t\t\t\t<div class=\"elementor-widget-container\">\n\t\t\t\t\t<h1 class=\"elementor-heading-title elementor-size-default\">Hi! <br>Ich bin Antonia<\/h1>\t\t\t\t<\/div>\n\t\t\t\t<\/div>\n\t\t\t\t<div class=\"elementor-element elementor-element-c89ecbb elementor-widget elementor-widget-text-editor\" data-id=\"c89ecbb\" data-element_type=\"widget\" data-e-type=\"widget\" data-widget_type=\"text-editor.default\">\n\t\t\t\t<div class=\"elementor-widget-container\">\n\t\t\t\t\t\t\t\t\t<p>Ich begleite dich durch deine Breathwork Journeys.\u00a0<\/p><p>Ich sehe dich \u2013 mit deiner Geschichte, die dich im Hier und Jetzt bewusst oder unbewusst begleitet.<\/p><p>Ich halte dich &#8211; dann, wenn du Halt brauchst, um eine neue Perspektive \u00f6ffnen zu k\u00f6nnen.<\/p><p>Eine heilsame Erfahrung zu machen und diese auch integrieren zu k\u00f6nnen, hat f\u00fcr mich h\u00f6chste Priorit\u00e4t.<\/p>\t\t\t\t\t\t\t\t<\/div>\n\t\t\t\t<\/div>\n\t\t\t\t<div class=\"elementor-element elementor-element-3609c8f elementor-align-center elementor-widget elementor-widget-button\" data-id=\"3609c8f\" data-element_type=\"widget\" data-e-type=\"widget\" data-widget_type=\"button.default\">\n\t\t\t\t<div class=\"elementor-widget-container\">\n\t\t\t\t\t\t\t\t\t<div class=\"elementor-button-wrapper\">\n\t\t\t\t\t<a class=\"elementor-button elementor-button-link elementor-size-sm\" href=\"https:\/\/breathwork-hannover.com\/?page_id=2450\">\n\t\t\t\t\t\t<span class=\"elementor-button-content-wrapper\">\n\t\t\t\t\t\t\t\t\t<span class=\"elementor-button-text\">work with me<\/span>\n\t\t\t\t\t<\/span>\n\t\t\t\t\t<\/a>\n\t\t\t\t<\/div>\n\t\t\t\t\t\t\t\t<\/div>\n\t\t\t\t<\/div>\n\t\t\t\t\t<\/div>\n\t\t<\/div>\n\t\t\t\t\t<\/div>\n\t\t<\/section>\n\t\t\t\t<section class=\"elementor-section elementor-top-section elementor-element elementor-element-d69e994 elementor-reverse-mobile elementor-section-boxed elementor-section-height-default elementor-section-height-default\" data-id=\"d69e994\" data-element_type=\"section\" data-e-type=\"section\" data-settings=\"{&quot;background_background&quot;:&quot;classic&quot;,&quot;shape_divider_bottom&quot;:&quot;waves&quot;,&quot;_ha_eqh_enable&quot;:false}\">\n\t\t\t\t\t<div class=\"elementor-shape elementor-shape-bottom\" aria-hidden=\"true\" data-negative=\"false\">\n\t\t\t<svg xmlns=\"http:\/\/www.w3.org\/2000\/svg\" viewBox=\"0 0 1000 100\" preserveAspectRatio=\"none\">\n\t<path class=\"elementor-shape-fill\" d=\"M421.9,6.5c22.6-2.5,51.5,0.4,75.5,5.3c23.6,4.9,70.9,23.5,100.5,35.7c75.8,32.2,133.7,44.5,192.6,49.7\n\tc23.6,2.1,48.7,3.5,103.4-2.5c54.7-6,106.2-25.6,106.2-25.6V0H0v30.3c0,0,72,32.6,158.4,30.5c39.2-0.7,92.8-6.7,134-22.4\n\tc21.2-8.1,52.2-18.2,79.7-24.2C399.3,7.9,411.6,7.5,421.9,6.5z\"\/>\n<\/svg>\t\t<\/div>\n\t\t\t\t\t<div class=\"elementor-container elementor-column-gap-default\">\n\t\t\t\t\t<div class=\"elementor-column elementor-col-100 elementor-top-column elementor-element elementor-element-b021c9c\" data-id=\"b021c9c\" data-element_type=\"column\" data-e-type=\"column\">\n\t\t\t<div class=\"elementor-widget-wrap elementor-element-populated\">\n\t\t\t\t\t\t<div class=\"elementor-element elementor-element-074b26c elementor-widget elementor-widget-heading\" data-id=\"074b26c\" data-element_type=\"widget\" data-e-type=\"widget\" data-widget_type=\"heading.default\">\n\t\t\t\t<div class=\"elementor-widget-container\">\n\t\t\t\t\t<h2 class=\"elementor-heading-title elementor-size-default\">Meine Vision ist es, dass wir uns l\u00f6sen von alten Mustern, (transgenerationalem) Trauma und festgesetzten Gef\u00fchlen wie Stress und Unzufriedenheit, um in emotionaler Freiheit unsere eigene Geschichte des Lebens zu schreiben. <\/h2>\t\t\t\t<\/div>\n\t\t\t\t<\/div>\n\t\t\t\t<div class=\"elementor-element elementor-element-26084b2 elementor-widget-divider--view-line elementor-widget elementor-widget-divider\" data-id=\"26084b2\" data-element_type=\"widget\" data-e-type=\"widget\" data-widget_type=\"divider.default\">\n\t\t\t\t<div class=\"elementor-widget-container\">\n\t\t\t\t\t\t\t<div class=\"elementor-divider\">\n\t\t\t<span class=\"elementor-divider-separator\">\n\t\t\t\t\t\t<\/span>\n\t\t<\/div>\n\t\t\t\t\t\t<\/div>\n\t\t\t\t<\/div>\n\t\t\t\t<div class=\"elementor-element elementor-element-40085cc elementor-widget elementor-widget-text-editor\" data-id=\"40085cc\" data-element_type=\"widget\" data-e-type=\"widget\" data-widget_type=\"text-editor.default\">\n\t\t\t\t<div class=\"elementor-widget-container\">\n\t\t\t\t\t\t\t\t\t<p class=\"cvGsUA direction-ltr align-justify para-style-title\"><span class=\"OYPEnA text-decoration-none text-strikethrough-none\">In den letzten Jahren habe ich endlich wieder verlernt, wer ich nicht bin und mich daran erinnert,\u00a0<\/span><span style=\"color: var( --e-global-color-text ); font-family: var( --e-global-typography-text-font-family ), Sans-serif; font-size: var( --e-global-typography-text-font-size ); background-color: var( --e-global-color-c4e088d );\">was wirklich ein Teil von mir ist.<\/span><\/p><p class=\"cvGsUA direction-ltr align-justify para-style-title\"><span class=\"OYPEnA text-decoration-none text-strikethrough-none\">In intensiven Prozessen durfte ich erkennen, was nicht mehr zu mir geh\u00f6rt und gleichzeitig das Vertrauen entwickeln, dass Ver\u00e4nderungen nicht nur Unsicherheit und Angst bedeuten, sondern vor allem Lebendigkeit, pers\u00f6nliche Freiheit und Verbundenheit mit mir.<\/span><\/p><p class=\"cvGsUA direction-ltr align-justify para-style-title\"><span class=\"OYPEnA text-decoration-none text-strikethrough-none\">Breathwork war und ist dabei meine gr\u00f6\u00dfte Unterst\u00fctzung.<\/span><\/p><p>Es unterst\u00fctzt mich auf eine sanfte und gleichzeitig kraftvolle Weise. Es erm\u00f6glicht mir immer wieder zur\u00fcckzufinden zu mir und meiner Wahrheit und Weisheit, die \u2013 und davon bin ich aus tiefstem Herzen \u00fcberzeugt \u2013 uns allen innewohnt.<\/p><p><i>Breathwork ist f\u00fcr mich der intensivste, sch\u00f6nste und ehrlichste Zugang zu mir selbst.\u00a0<\/i><\/p><p><i>Denn es geht nicht ums Ankommen &#8211; es geht ums Erinnern.<\/i><\/p>\t\t\t\t\t\t\t\t<\/div>\n\t\t\t\t<\/div>\n\t\t\t\t\t<\/div>\n\t\t<\/div>\n\t\t\t\t\t<\/div>\n\t\t<\/section>\n\t\t\t\t<section class=\"elementor-section elementor-top-section elementor-element elementor-element-c9b4433 elementor-section-boxed elementor-section-height-default elementor-section-height-default\" data-id=\"c9b4433\" data-element_type=\"section\" data-e-type=\"section\" data-settings=\"{&quot;background_background&quot;:&quot;classic&quot;,&quot;_ha_eqh_enable&quot;:false}\">\n\t\t\t\t\t\t<div class=\"elementor-container elementor-column-gap-default\">\n\t\t\t\t\t<div class=\"elementor-column elementor-col-50 elementor-top-column elementor-element elementor-element-cde07b8\" data-id=\"cde07b8\" data-element_type=\"column\" data-e-type=\"column\">\n\t\t\t<div class=\"elementor-widget-wrap elementor-element-populated\">\n\t\t\t\t\t\t<div class=\"elementor-element elementor-element-7567665 e-transform elementor-widget elementor-widget-image\" data-id=\"7567665\" data-element_type=\"widget\" data-e-type=\"widget\" data-settings=\"{&quot;_transform_flipX_effect&quot;:&quot;transform&quot;}\" data-widget_type=\"image.default\">\n\t\t\t\t<div class=\"elementor-widget-container\">\n\t\t\t\t\t\t\t\t\t\t\t\t\t\t\t<img fetchpriority=\"high\" decoding=\"async\" width=\"684\" height=\"1024\" src=\"https:\/\/breathwork-hannover.com\/wp-content\/uploads\/2024\/02\/DSC00562-684x1024.jpg\" class=\"attachment-large size-large wp-image-2359\" alt=\"\" srcset=\"https:\/\/breathwork-hannover.com\/wp-content\/uploads\/2024\/02\/DSC00562-684x1024.jpg 684w, https:\/\/breathwork-hannover.com\/wp-content\/uploads\/2024\/02\/DSC00562-200x300.jpg 200w, https:\/\/breathwork-hannover.com\/wp-content\/uploads\/2024\/02\/DSC00562-768x1149.jpg 768w, https:\/\/breathwork-hannover.com\/wp-content\/uploads\/2024\/02\/DSC00562-1027x1536.jpg 1027w, https:\/\/breathwork-hannover.com\/wp-content\/uploads\/2024\/02\/DSC00562-600x898.jpg 600w, https:\/\/breathwork-hannover.com\/wp-content\/uploads\/2024\/02\/DSC00562.jpg 1080w\" sizes=\"(max-width: 684px) 100vw, 684px\" \/>\t\t\t\t\t\t\t\t\t\t\t\t\t\t\t<\/div>\n\t\t\t\t<\/div>\n\t\t\t\t\t<\/div>\n\t\t<\/div>\n\t\t\t\t<div class=\"elementor-column elementor-col-50 elementor-top-column elementor-element elementor-element-45916425\" data-id=\"45916425\" data-element_type=\"column\" data-e-type=\"column\">\n\t\t\t<div class=\"elementor-widget-wrap elementor-element-populated\">\n\t\t\t\t\t\t<div class=\"elementor-element elementor-element-672804d4 elementor-invisible elementor-widget elementor-widget-heading\" data-id=\"672804d4\" data-element_type=\"widget\" data-e-type=\"widget\" data-settings=\"{&quot;_animation&quot;:&quot;slideInDown&quot;}\" data-widget_type=\"heading.default\">\n\t\t\t\t<div class=\"elementor-widget-container\">\n\t\t\t\t\t<h2 class=\"elementor-heading-title elementor-size-default\">Ich bin deine Wegbegleiterin<\/h2>\t\t\t\t<\/div>\n\t\t\t\t<\/div>\n\t\t\t\t<div class=\"elementor-element elementor-element-7304400 elementor-widget elementor-widget-text-editor\" data-id=\"7304400\" data-element_type=\"widget\" data-e-type=\"widget\" data-widget_type=\"text-editor.default\">\n\t\t\t\t<div class=\"elementor-widget-container\">\n\t\t\t\t\t\t\t\t\t<p style=\"text-align: center;\">Als jemand der wei\u00df, wie es ist, sich selbst lange zu \u00fcbergehen.\u00a0<\/p><p style=\"text-align: center;\">Ich war 16 Jahre lang Polizistin und damit in einem Job, den ich nicht liebte, der mich nicht erf\u00fcllte und f\u00fcr den ich tagt\u00e4glich in eine Rolle schl\u00fcpfte, die mir irgendwann nicht mehr passte.<br \/>Ich glaubte mein h\u00f6chster Wert sei Harmonie \u2013 weil meine gr\u00f6\u00dfte Herausforderung darin lag, dass andere mich nicht mochten.\u00a0<br \/>Ich tat alles daf\u00fcr geliebt zu sein \u2013 und verlor dabei mich selbst.<br \/>Ich glaubte dem gesellschaftlichen Anspruch und der Erwartung \u201eWenn es meinem Kind gut geht, geht es mir auch gut\u201c \u2013 und \u00fcberging damit meine Kapazit\u00e4ten, Bed\u00fcrfnisse und Grenzen.<\/p><p style=\"text-align: center;\">Ich glaubte Tr\u00e4ume seien zum Tr\u00e4umen da \u2013 und nicht um Realit\u00e4t zu werden.\u00a0<\/p><p style=\"text-align: center;\">\u00a0<\/p><h3>Heute&#8230;<\/h3><p style=\"text-align: center;\">bin ich selbstst\u00e4ndig mit einer Arbeit, die mein Herz zutiefst erf\u00fcllt und mich selbst wieder daran erinnert hat, wer ich wirklich bin.\u00a0<br \/>Meine Werte sind Freiheit, Verbundenheit und Liebe.<br \/>Ich bin eine 2fach-Mama, die ihre Bed\u00fcrfnisse und Grenzen achtet, um aus der F\u00fclle geben zu k\u00f6nnen und der sichere und stabile Anker im st\u00fcrmischen (Gef\u00fchls-)Leben meiner Kinder zu sein.<\/p><p style=\"text-align: center;\">Ich bin ihnen ein Vorbild f\u00fcr Selbstliebe und Selbstwirksamkeit.<\/p><p style=\"text-align: center;\">Ich lebe meine Tr\u00e4ume: 2026 gehen wir den n\u00e4chsten Schritt und ziehen als Familie von einem \u201cfancy Neubau\u201d auf einen wundervollen denkmalgesch\u00fctzten Hof mitten in der Natur.<\/p>\t\t\t\t\t\t\t\t<\/div>\n\t\t\t\t<\/div>\n\t\t\t\t\t<\/div>\n\t\t<\/div>\n\t\t\t\t\t<\/div>\n\t\t<\/section>\n\t\t\t\t<section class=\"elementor-section elementor-top-section elementor-element elementor-element-10866e35 elementor-section-boxed elementor-section-height-default elementor-section-height-default\" data-id=\"10866e35\" data-element_type=\"section\" data-e-type=\"section\" data-settings=\"{&quot;background_background&quot;:&quot;classic&quot;,&quot;_ha_eqh_enable&quot;:false}\">\n\t\t\t\t\t\t<div class=\"elementor-container elementor-column-gap-default\">\n\t\t\t\t\t<div class=\"elementor-column elementor-col-100 elementor-top-column elementor-element elementor-element-7dcf7485\" data-id=\"7dcf7485\" data-element_type=\"column\" data-e-type=\"column\">\n\t\t\t<div class=\"elementor-widget-wrap elementor-element-populated\">\n\t\t\t\t\t\t<section class=\"elementor-section elementor-inner-section elementor-element elementor-element-fbfbc5a elementor-section-boxed elementor-section-height-default elementor-section-height-default\" data-id=\"fbfbc5a\" data-element_type=\"section\" data-e-type=\"section\" data-settings=\"{&quot;_ha_eqh_enable&quot;:false}\">\n\t\t\t\t\t\t<div class=\"elementor-container elementor-column-gap-default\">\n\t\t\t\t\t<div class=\"elementor-column elementor-col-100 elementor-inner-column elementor-element elementor-element-46933c4\" data-id=\"46933c4\" data-element_type=\"column\" data-e-type=\"column\">\n\t\t\t<div class=\"elementor-widget-wrap elementor-element-populated\">\n\t\t\t\t\t\t<div class=\"elementor-element elementor-element-d79531a elementor-invisible elementor-widget elementor-widget-heading\" data-id=\"d79531a\" data-element_type=\"widget\" data-e-type=\"widget\" data-settings=\"{&quot;_animation&quot;:&quot;slideInDown&quot;}\" data-widget_type=\"heading.default\">\n\t\t\t\t<div class=\"elementor-widget-container\">\n\t\t\t\t\t<h2 class=\"elementor-heading-title elementor-size-default\">Qualifikationen hinter meiner Praxis<\/h2>\t\t\t\t<\/div>\n\t\t\t\t<\/div>\n\t\t\t\t<div class=\"elementor-element elementor-element-397b66e elementor-widget elementor-widget-text-editor\" data-id=\"397b66e\" data-element_type=\"widget\" data-e-type=\"widget\" data-widget_type=\"text-editor.default\">\n\t\t\t\t<div class=\"elementor-widget-container\">\n\t\t\t\t\t\t\t\t\t<ul><li style=\"text-align: left;\">2020: how it all began&#8230;RUSU by Laura Malina Seiler<\/li><li style=\"text-align: left;\">2021: 4-monatige Human Design Ausbildung by Kristina Keller<\/li><li style=\"text-align: left;\">2022: 6-monatige True Power Coaching Ausbildung \/ Spaceholding Training by Loa Helser<\/li><li style=\"text-align: left;\">2023: 5-monatige Breathwork Ausbildung by Daniel Alan von Art of Breath<\/li><li style=\"text-align: left;\">2024: mehrt\u00e4tiges Vertiefungsseminar &#8220;Fortgeschrittene Prozessbegleitung&#8221; by Daniel Alan von Art of Breath<\/li><li style=\"text-align: left;\">2024: 9-monatige Weiterbildung &#8220;Traumasensibles Coaching&#8221; by Ana Sophie Rose (Coach) und Marie Rose (Traumatherapeutin)<\/li><li style=\"text-align: left;\">2025: 8-monatige Ausbildung Spiritual Life Coach by Laura Malina Seiler (i.A.)<\/li><\/ul>\t\t\t\t\t\t\t\t<\/div>\n\t\t\t\t<\/div>\n\t\t\t\t\t<\/div>\n\t\t<\/div>\n\t\t\t\t\t<\/div>\n\t\t<\/section>\n\t\t\t\t<section class=\"elementor-section elementor-inner-section elementor-element elementor-element-08e319d elementor-section-boxed elementor-section-height-default elementor-section-height-default\" data-id=\"08e319d\" data-element_type=\"section\" data-e-type=\"section\" data-settings=\"{&quot;_ha_eqh_enable&quot;:false}\">\n\t\t\t\t\t\t<div class=\"elementor-container elementor-column-gap-default\">\n\t\t\t\t\t<div class=\"elementor-column elementor-col-33 elementor-inner-column elementor-element elementor-element-bb2dd7c\" data-id=\"bb2dd7c\" data-element_type=\"column\" data-e-type=\"column\">\n\t\t\t<div class=\"elementor-widget-wrap elementor-element-populated\">\n\t\t\t\t\t\t<div class=\"elementor-element elementor-element-dcbc766 elementor-widget elementor-widget-image\" data-id=\"dcbc766\" data-element_type=\"widget\" data-e-type=\"widget\" data-widget_type=\"image.default\">\n\t\t\t\t<div class=\"elementor-widget-container\">\n\t\t\t\t\t\t\t\t\t\t\t\t\t\t\t<img decoding=\"async\" width=\"684\" height=\"1024\" src=\"https:\/\/breathwork-hannover.com\/wp-content\/uploads\/2024\/02\/DSC00569-684x1024.jpg\" class=\"attachment-large size-large wp-image-2255\" alt=\"\" srcset=\"https:\/\/breathwork-hannover.com\/wp-content\/uploads\/2024\/02\/DSC00569-684x1024.jpg 684w, https:\/\/breathwork-hannover.com\/wp-content\/uploads\/2024\/02\/DSC00569-200x300.jpg 200w, https:\/\/breathwork-hannover.com\/wp-content\/uploads\/2024\/02\/DSC00569-768x1149.jpg 768w, https:\/\/breathwork-hannover.com\/wp-content\/uploads\/2024\/02\/DSC00569-1027x1536.jpg 1027w, https:\/\/breathwork-hannover.com\/wp-content\/uploads\/2024\/02\/DSC00569-600x898.jpg 600w, https:\/\/breathwork-hannover.com\/wp-content\/uploads\/2024\/02\/DSC00569.jpg 1080w\" sizes=\"(max-width: 684px) 100vw, 684px\" \/>\t\t\t\t\t\t\t\t\t\t\t\t\t\t\t<\/div>\n\t\t\t\t<\/div>\n\t\t\t\t\t<\/div>\n\t\t<\/div>\n\t\t\t\t<div class=\"elementor-column elementor-col-33 elementor-inner-column elementor-element elementor-element-a1f9379\" data-id=\"a1f9379\" data-element_type=\"column\" data-e-type=\"column\">\n\t\t\t<div class=\"elementor-widget-wrap elementor-element-populated\">\n\t\t\t\t\t\t<div class=\"elementor-element elementor-element-b6d063b elementor-widget elementor-widget-image\" data-id=\"b6d063b\" data-element_type=\"widget\" data-e-type=\"widget\" data-widget_type=\"image.default\">\n\t\t\t\t<div class=\"elementor-widget-container\">\n\t\t\t\t\t\t\t\t\t\t\t\t\t\t\t<img decoding=\"async\" width=\"684\" height=\"1024\" src=\"https:\/\/breathwork-hannover.com\/wp-content\/uploads\/2024\/02\/DSC00586-684x1024.jpg\" class=\"attachment-large size-large wp-image-2199\" alt=\"\" srcset=\"https:\/\/breathwork-hannover.com\/wp-content\/uploads\/2024\/02\/DSC00586-684x1024.jpg 684w, https:\/\/breathwork-hannover.com\/wp-content\/uploads\/2024\/02\/DSC00586-200x300.jpg 200w, https:\/\/breathwork-hannover.com\/wp-content\/uploads\/2024\/02\/DSC00586-768x1149.jpg 768w, https:\/\/breathwork-hannover.com\/wp-content\/uploads\/2024\/02\/DSC00586-1027x1536.jpg 1027w, https:\/\/breathwork-hannover.com\/wp-content\/uploads\/2024\/02\/DSC00586-600x898.jpg 600w, https:\/\/breathwork-hannover.com\/wp-content\/uploads\/2024\/02\/DSC00586.jpg 1080w\" sizes=\"(max-width: 684px) 100vw, 684px\" \/>\t\t\t\t\t\t\t\t\t\t\t\t\t\t\t<\/div>\n\t\t\t\t<\/div>\n\t\t\t\t\t<\/div>\n\t\t<\/div>\n\t\t\t\t<div class=\"elementor-column elementor-col-33 elementor-inner-column elementor-element elementor-element-7e6e238\" data-id=\"7e6e238\" data-element_type=\"column\" data-e-type=\"column\">\n\t\t\t<div class=\"elementor-widget-wrap elementor-element-populated\">\n\t\t\t\t\t\t<div class=\"elementor-element elementor-element-7adc3e8 elementor-widget elementor-widget-image\" data-id=\"7adc3e8\" data-element_type=\"widget\" data-e-type=\"widget\" data-widget_type=\"image.default\">\n\t\t\t\t<div class=\"elementor-widget-container\">\n\t\t\t\t\t\t\t\t\t\t\t\t\t\t\t<img loading=\"lazy\" decoding=\"async\" width=\"684\" height=\"1024\" src=\"https:\/\/breathwork-hannover.com\/wp-content\/uploads\/2024\/02\/DSC00522-684x1024.jpg\" class=\"attachment-large size-large wp-image-2160\" alt=\"\" srcset=\"https:\/\/breathwork-hannover.com\/wp-content\/uploads\/2024\/02\/DSC00522-684x1024.jpg 684w, https:\/\/breathwork-hannover.com\/wp-content\/uploads\/2024\/02\/DSC00522-200x300.jpg 200w, https:\/\/breathwork-hannover.com\/wp-content\/uploads\/2024\/02\/DSC00522-768x1149.jpg 768w, https:\/\/breathwork-hannover.com\/wp-content\/uploads\/2024\/02\/DSC00522-1027x1536.jpg 1027w, https:\/\/breathwork-hannover.com\/wp-content\/uploads\/2024\/02\/DSC00522-600x898.jpg 600w, https:\/\/breathwork-hannover.com\/wp-content\/uploads\/2024\/02\/DSC00522.jpg 1080w\" sizes=\"(max-width: 684px) 100vw, 684px\" \/>\t\t\t\t\t\t\t\t\t\t\t\t\t\t\t<\/div>\n\t\t\t\t<\/div>\n\t\t\t\t\t<\/div>\n\t\t<\/div>\n\t\t\t\t\t<\/div>\n\t\t<\/section>\n\t\t\t\t\t<\/div>\n\t\t<\/div>\n\t\t\t\t\t<\/div>\n\t\t<\/section>\n\t\t\t\t<\/div>\n\t\t","protected":false},"excerpt":{"rendered":"<p>About Me Hi! Ich bin Antonia Ich begleite dich durch deine Breathwork Journeys.\u00a0 Ich sehe dich \u2013 mit deiner Geschichte, die dich im Hier und Jetzt bewusst oder unbewusst begleitet. Ich halte dich &#8211; dann, wenn du Halt brauchst, um eine neue Perspektive \u00f6ffnen zu k\u00f6nnen. Eine heilsame Erfahrung zu machen und diese auch integrieren [&hellip;]<\/p>\n","protected":false},"author":2,"featured_media":0,"parent":0,"menu_order":6,"comment_status":"closed","ping_status":"closed","template":"","meta":{"footnotes":""},"class_list":["post-25","page","type-page","status-publish","hentry"],"_links":{"self":[{"href":"https:\/\/breathwork-hannover.com\/index.php?rest_route=\/wp\/v2\/pages\/25","targetHints":{"allow":["GET"]}}],"collection":[{"href":"https:\/\/breathwork-hannover.com\/index.php?rest_route=\/wp\/v2\/pages"}],"about":[{"href":"https:\/\/breathwork-hannover.com\/index.php?rest_route=\/wp\/v2\/types\/page"}],"author":[{"embeddable":true,"href":"https:\/\/breathwork-hannover.com\/index.php?rest_route=\/wp\/v2\/users\/2"}],"replies":[{"embeddable":true,"href":"https:\/\/breathwork-hannover.com\/index.php?rest_route=%2Fwp%2Fv2%2Fcomments&post=25"}],"version-history":[{"count":71,"href":"https:\/\/breathwork-hannover.com\/index.php?rest_route=\/wp\/v2\/pages\/25\/revisions"}],"predecessor-version":[{"id":3459,"href":"https:\/\/breathwork-hannover.com\/index.php?rest_route=\/wp\/v2\/pages\/25\/revisions\/3459"}],"wp:attachment":[{"href":"https:\/\/breathwork-hannover.com\/index.php?rest_route=%2Fwp%2Fv2%2Fmedia&parent=25"}],"curies":[{"name":"wp","href":"https:\/\/api.w.org\/{rel}","templated":true}]}}