{"id":2450,"date":"2024-02-25T11:44:51","date_gmt":"2024-02-25T11:44:51","guid":{"rendered":"https:\/\/breathwork-hannover.com\/?page_id=2450"},"modified":"2025-09-23T07:21:28","modified_gmt":"2025-09-23T07:21:28","slug":"11-begleitung-2","status":"publish","type":"page","link":"https:\/\/breathwork-hannover.com\/?page_id=2450","title":{"rendered":"1:1 Begleitung"},"content":{"rendered":"\t\t<div data-elementor-type=\"wp-page\" data-elementor-id=\"2450\" class=\"elementor elementor-2450\" data-elementor-post-type=\"page\">\n\t\t\t\t\t\t<section class=\"elementor-section elementor-top-section elementor-element elementor-element-8a3009a elementor-section-boxed elementor-section-height-default elementor-section-height-default\" data-id=\"8a3009a\" data-element_type=\"section\" data-e-type=\"section\" data-settings=\"{&quot;background_background&quot;:&quot;classic&quot;,&quot;_ha_eqh_enable&quot;:false}\">\n\t\t\t\t\t\t<div class=\"elementor-container elementor-column-gap-default\">\n\t\t\t\t\t<div class=\"elementor-column elementor-col-100 elementor-top-column elementor-element elementor-element-349ebec\" data-id=\"349ebec\" data-element_type=\"column\" data-e-type=\"column\">\n\t\t\t<div class=\"elementor-widget-wrap\">\n\t\t\t\t\t\t\t<\/div>\n\t\t<\/div>\n\t\t\t\t\t<\/div>\n\t\t<\/section>\n\t\t\t\t<section class=\"elementor-section elementor-top-section elementor-element elementor-element-9c7e11e elementor-section-boxed elementor-section-height-default elementor-section-height-default\" data-id=\"9c7e11e\" data-element_type=\"section\" data-e-type=\"section\" data-settings=\"{&quot;background_background&quot;:&quot;classic&quot;,&quot;_ha_eqh_enable&quot;:false}\">\n\t\t\t\t\t\t\t<div class=\"elementor-background-overlay\"><\/div>\n\t\t\t\t\t\t\t<div class=\"elementor-container elementor-column-gap-default\">\n\t\t\t\t\t<div class=\"elementor-column elementor-col-100 elementor-top-column elementor-element elementor-element-64ac6b0\" data-id=\"64ac6b0\" data-element_type=\"column\" data-e-type=\"column\">\n\t\t\t<div class=\"elementor-widget-wrap elementor-element-populated\">\n\t\t\t\t\t\t<div class=\"elementor-element elementor-element-ec2d708 elementor-widget elementor-widget-text-editor\" data-id=\"ec2d708\" data-element_type=\"widget\" data-e-type=\"widget\" data-widget_type=\"text-editor.default\">\n\t\t\t\t<div class=\"elementor-widget-container\">\n\t\t\t\t\t\t\t\t\t<p style=\"text-align: center;\"><span style=\"font-size: 16px;\">Ich glaube zutiefst an die Transformationskraft von Breathwork.\u00a0<\/span><\/p><p style=\"text-align: center;\"><span style=\"font-size: 16px;\">Deshalb ist die Arbeit in einem 1:1 Setting das Herzst\u00fcck meines Wirkens.<\/span><\/p><p style=\"text-align: center;\"><span style=\"font-size: 16px;\">Im Rahmen einer 1:1 Begleitung liegt der Fokus nur auf dir und deiner Ent-wicklung.<\/span><\/p><p style=\"text-align: center;\"><span style=\"font-size: 16px;\">Breathwork ist deine Reise zur\u00fcck zu dir, zu deiner pers\u00f6nlichen Integrit\u00e4t und emotionalen Freiheit.\u00a0<\/span><\/p><p style=\"text-align: center;\"><span style=\"font-size: 16px;\">Wenn du mutig diesen Weg antrittst, wirst du step by step zur\u00fcckfinden und dich an dein Licht erinnern.<\/span><\/p><p style=\"text-align: center;\"><span style=\"font-size: 16px;\">Du wirst ablegen und verlernen, was nicht zu dir geh\u00f6rt.<\/span><\/p><p style=\"text-align: center;\"><span style=\"font-size: 16px;\">Und du wirst verletzliche und traumatische Erfahrungen integrieren und mit einem reguliertem Nervensystem das Hier und Jetzt leben.<\/span><\/p>\t\t\t\t\t\t\t\t<\/div>\n\t\t\t\t<\/div>\n\t\t\t\t\t<\/div>\n\t\t<\/div>\n\t\t\t\t\t<\/div>\n\t\t<\/section>\n\t\t\t\t<section class=\"elementor-section elementor-top-section elementor-element elementor-element-169648e9 elementor-section-boxed elementor-section-height-default elementor-section-height-default\" data-id=\"169648e9\" data-element_type=\"section\" data-e-type=\"section\" data-settings=\"{&quot;background_background&quot;:&quot;classic&quot;,&quot;_ha_eqh_enable&quot;:false}\">\n\t\t\t\t\t\t<div class=\"elementor-container elementor-column-gap-default\">\n\t\t\t\t\t<div class=\"elementor-column elementor-col-100 elementor-top-column elementor-element elementor-element-22e26bfc\" data-id=\"22e26bfc\" data-element_type=\"column\" data-e-type=\"column\">\n\t\t\t<div class=\"elementor-widget-wrap elementor-element-populated\">\n\t\t\t\t\t\t<div class=\"elementor-element elementor-element-9daddbf elementor-widget elementor-widget-text-editor\" data-id=\"9daddbf\" data-element_type=\"widget\" data-e-type=\"widget\" data-widget_type=\"text-editor.default\">\n\t\t\t\t<div class=\"elementor-widget-container\">\n\t\t\t\t\t\t\t\t\t<p>Hier findest du deine M\u00f6glichkeiten Breathwork in einem 1:1 Setting zu erfahren\u00a0<\/p>\t\t\t\t\t\t\t\t<\/div>\n\t\t\t\t<\/div>\n\t\t\t\t<div class=\"elementor-element elementor-element-43e3216 elementor-widget-tablet__width-initial elementor-widget elementor-widget-text-editor\" data-id=\"43e3216\" data-element_type=\"widget\" data-e-type=\"widget\" data-widget_type=\"text-editor.default\">\n\t\t\t\t<div class=\"elementor-widget-container\">\n\t\t\t\t\t\t\t\t\t<p style=\"text-align: center;\"><span style=\"font-size: 13px;\">Die 1:1 Breathwork Journeys finden in meinem Breathwork Space in der S\u00fcdstadt von Hannover statt.<\/span><\/p>\t\t\t\t\t\t\t\t<\/div>\n\t\t\t\t<\/div>\n\t\t\t\t\t<\/div>\n\t\t<\/div>\n\t\t\t\t\t<\/div>\n\t\t<\/section>\n\t\t\t\t<section class=\"elementor-section elementor-top-section elementor-element elementor-element-f231890 elementor-section-boxed elementor-section-height-default elementor-section-height-default\" data-id=\"f231890\" data-element_type=\"section\" data-e-type=\"section\" data-settings=\"{&quot;_ha_eqh_enable&quot;:false}\">\n\t\t\t\t\t\t<div class=\"elementor-container elementor-column-gap-default\">\n\t\t\t\t\t<div class=\"elementor-column elementor-col-100 elementor-top-column elementor-element elementor-element-8e5d23c\" data-id=\"8e5d23c\" data-element_type=\"column\" data-e-type=\"column\">\n\t\t\t<div class=\"elementor-widget-wrap\">\n\t\t\t\t\t\t\t<\/div>\n\t\t<\/div>\n\t\t\t\t\t<\/div>\n\t\t<\/section>\n\t\t\t\t<section class=\"elementor-section elementor-top-section elementor-element elementor-element-58d20dbe elementor-reverse-mobile elementor-section-boxed elementor-section-height-default elementor-section-height-default\" data-id=\"58d20dbe\" data-element_type=\"section\" data-e-type=\"section\" data-settings=\"{&quot;background_background&quot;:&quot;classic&quot;,&quot;_ha_eqh_enable&quot;:false}\">\n\t\t\t\t\t\t<div class=\"elementor-container elementor-column-gap-default\">\n\t\t\t\t\t<div class=\"elementor-column elementor-col-50 elementor-top-column elementor-element elementor-element-3a1e355a\" data-id=\"3a1e355a\" data-element_type=\"column\" data-e-type=\"column\">\n\t\t\t<div class=\"elementor-widget-wrap elementor-element-populated\">\n\t\t\t\t\t\t<div class=\"elementor-element elementor-element-51044dff elementor-widget elementor-widget-text-editor\" data-id=\"51044dff\" data-element_type=\"widget\" data-e-type=\"widget\" data-widget_type=\"text-editor.default\">\n\t\t\t\t<div class=\"elementor-widget-container\">\n\t\t\t\t\t\t\t\t\t<p><strong>Aktuell sind bis Ende des Jahres 2025 alle Pl\u00e4tze im 1:1 Setting vergeben.<\/strong> \u00a0<\/p><p>Danke an dieser Stelle f\u00fcr das riesengro\u00dfe Vertrauen, welches ihr in mich und meine Arbeit habt.<\/p><p><strong>Meine Angebote f\u00fcr 2026 werden gerade \u00fcberarbeitet.\u00a0<\/strong><\/p><p>Wenn du <strong>als Erstes<\/strong> dar\u00fcber informiert werden m\u00f6chtest und vor allen anderen die M\u00f6glichkeit erhalten m\u00f6chtest dir f\u00fcr 2026 einen Platz zu sichern, trage dich ganz unverbindlich auf die Insider-Liste ein.<\/p><p>Ich melde mich bei dir, sobald alle Weichen f\u00fcr 2026 gestellt sind und kann es kaum erwarten mit dir tief in deinen Atem und dein Unterbewusstsein zu tauchen.\u00a0<\/p>\t\t\t\t\t\t\t\t<\/div>\n\t\t\t\t<\/div>\n\t\t\t\t<div class=\"elementor-element elementor-element-7f899908 elementor-align-center elementor-mobile-align-center elementor-widget elementor-widget-button\" data-id=\"7f899908\" data-element_type=\"widget\" data-e-type=\"widget\" data-widget_type=\"button.default\">\n\t\t\t\t<div class=\"elementor-widget-container\">\n\t\t\t\t\t\t\t\t\t<div class=\"elementor-button-wrapper\">\n\t\t\t\t\t<a class=\"elementor-button elementor-button-link elementor-size-sm\" href=\"https:\/\/breathwork-hannover.com\/?page_id=2394\">\n\t\t\t\t\t\t<span class=\"elementor-button-content-wrapper\">\n\t\t\t\t\t\t\t\t\t<span class=\"elementor-button-text\">Mein Platz auf der Insider-Liste<\/span>\n\t\t\t\t\t<\/span>\n\t\t\t\t\t<\/a>\n\t\t\t\t<\/div>\n\t\t\t\t\t\t\t\t<\/div>\n\t\t\t\t<\/div>\n\t\t\t\t\t<\/div>\n\t\t<\/div>\n\t\t\t\t<div class=\"elementor-column elementor-col-50 elementor-top-column elementor-element elementor-element-591232b0\" data-id=\"591232b0\" data-element_type=\"column\" data-e-type=\"column\">\n\t\t\t<div class=\"elementor-widget-wrap elementor-element-populated\">\n\t\t\t\t\t\t<div class=\"elementor-element elementor-element-548d6afe elementor-widget elementor-widget-image\" data-id=\"548d6afe\" data-element_type=\"widget\" data-e-type=\"widget\" data-widget_type=\"image.default\">\n\t\t\t\t<div class=\"elementor-widget-container\">\n\t\t\t\t\t\t\t\t\t\t\t\t\t\t\t<img fetchpriority=\"high\" decoding=\"async\" width=\"1000\" height=\"1500\" src=\"https:\/\/breathwork-hannover.com\/wp-content\/uploads\/2024\/02\/Breathwork-Hannover-001.jpg\" class=\"attachment-full size-full wp-image-2239\" alt=\"\" srcset=\"https:\/\/breathwork-hannover.com\/wp-content\/uploads\/2024\/02\/Breathwork-Hannover-001.jpg 1000w, https:\/\/breathwork-hannover.com\/wp-content\/uploads\/2024\/02\/Breathwork-Hannover-001-200x300.jpg 200w, https:\/\/breathwork-hannover.com\/wp-content\/uploads\/2024\/02\/Breathwork-Hannover-001-683x1024.jpg 683w, https:\/\/breathwork-hannover.com\/wp-content\/uploads\/2024\/02\/Breathwork-Hannover-001-768x1152.jpg 768w, https:\/\/breathwork-hannover.com\/wp-content\/uploads\/2024\/02\/Breathwork-Hannover-001-600x900.jpg 600w\" sizes=\"(max-width: 1000px) 100vw, 1000px\" \/>\t\t\t\t\t\t\t\t\t\t\t\t\t\t\t<\/div>\n\t\t\t\t<\/div>\n\t\t\t\t\t<\/div>\n\t\t<\/div>\n\t\t\t\t\t<\/div>\n\t\t<\/section>\n\t\t\t\t<section class=\"elementor-section elementor-top-section elementor-element elementor-element-738b3e8b elementor-section-content-middle elementor-section-boxed elementor-section-height-default elementor-section-height-default\" data-id=\"738b3e8b\" data-element_type=\"section\" data-e-type=\"section\" data-settings=\"{&quot;background_background&quot;:&quot;classic&quot;,&quot;_ha_eqh_enable&quot;:false}\">\n\t\t\t\t\t\t<div class=\"elementor-container elementor-column-gap-default\">\n\t\t\t\t\t<div class=\"elementor-column elementor-col-50 elementor-top-column elementor-element elementor-element-445ca265\" data-id=\"445ca265\" data-element_type=\"column\" data-e-type=\"column\">\n\t\t\t<div class=\"elementor-widget-wrap elementor-element-populated\">\n\t\t\t\t\t\t<div class=\"elementor-element elementor-element-3bb7816 e-transform elementor-widget elementor-widget-image\" data-id=\"3bb7816\" data-element_type=\"widget\" data-e-type=\"widget\" data-settings=\"{&quot;_transform_rotateZ_effect&quot;:{&quot;unit&quot;:&quot;px&quot;,&quot;size&quot;:0,&quot;sizes&quot;:[]},&quot;_transform_rotateZ_effect_tablet&quot;:{&quot;unit&quot;:&quot;deg&quot;,&quot;size&quot;:&quot;&quot;,&quot;sizes&quot;:[]},&quot;_transform_rotateZ_effect_mobile&quot;:{&quot;unit&quot;:&quot;deg&quot;,&quot;size&quot;:&quot;&quot;,&quot;sizes&quot;:[]}}\" data-widget_type=\"image.default\">\n\t\t\t\t<div class=\"elementor-widget-container\">\n\t\t\t\t\t\t\t\t\t\t\t\t\t\t\t<img decoding=\"async\" width=\"1080\" height=\"1350\" src=\"https:\/\/breathwork-hannover.com\/wp-content\/uploads\/2024\/03\/Infos-Taob-Online-1080-x-1350-px-1.png\" class=\"attachment-full size-full wp-image-2658\" alt=\"\" srcset=\"https:\/\/breathwork-hannover.com\/wp-content\/uploads\/2024\/03\/Infos-Taob-Online-1080-x-1350-px-1.png 1080w, https:\/\/breathwork-hannover.com\/wp-content\/uploads\/2024\/03\/Infos-Taob-Online-1080-x-1350-px-1-240x300.png 240w, https:\/\/breathwork-hannover.com\/wp-content\/uploads\/2024\/03\/Infos-Taob-Online-1080-x-1350-px-1-819x1024.png 819w, https:\/\/breathwork-hannover.com\/wp-content\/uploads\/2024\/03\/Infos-Taob-Online-1080-x-1350-px-1-768x960.png 768w, https:\/\/breathwork-hannover.com\/wp-content\/uploads\/2024\/03\/Infos-Taob-Online-1080-x-1350-px-1-600x750.png 600w\" sizes=\"(max-width: 1080px) 100vw, 1080px\" \/>\t\t\t\t\t\t\t\t\t\t\t\t\t\t\t<\/div>\n\t\t\t\t<\/div>\n\t\t\t\t\t<\/div>\n\t\t<\/div>\n\t\t\t\t<div class=\"elementor-column elementor-col-50 elementor-top-column elementor-element elementor-element-7b7322d\" data-id=\"7b7322d\" data-element_type=\"column\" data-e-type=\"column\">\n\t\t\t<div class=\"elementor-widget-wrap elementor-element-populated\">\n\t\t\t\t\t\t<section class=\"elementor-section elementor-inner-section elementor-element elementor-element-1b912beb elementor-section-boxed elementor-section-height-default elementor-section-height-default\" data-id=\"1b912beb\" data-element_type=\"section\" data-e-type=\"section\" data-settings=\"{&quot;background_background&quot;:&quot;classic&quot;,&quot;_ha_eqh_enable&quot;:false}\">\n\t\t\t\t\t\t<div class=\"elementor-container elementor-column-gap-default\">\n\t\t\t\t\t<div class=\"elementor-column elementor-col-100 elementor-inner-column elementor-element elementor-element-4b8983d2\" data-id=\"4b8983d2\" data-element_type=\"column\" data-e-type=\"column\">\n\t\t\t<div class=\"elementor-widget-wrap elementor-element-populated\">\n\t\t\t\t\t\t<div class=\"elementor-element elementor-element-40acc8a1 elementor-widget elementor-widget-text-editor\" data-id=\"40acc8a1\" data-element_type=\"widget\" data-e-type=\"widget\" data-widget_type=\"text-editor.default\">\n\t\t\t\t<div class=\"elementor-widget-container\">\n\t\t\t\t\t\t\t\t\t<p>Live-Mitschnitt vom Schnupperworkshop<\/p>\t\t\t\t\t\t\t\t<\/div>\n\t\t\t\t<\/div>\n\t\t\t\t<div class=\"elementor-element elementor-element-28bcbc59 elementor-widget elementor-widget-heading\" data-id=\"28bcbc59\" data-element_type=\"widget\" data-e-type=\"widget\" data-widget_type=\"heading.default\">\n\t\t\t\t<div class=\"elementor-widget-container\">\n\t\t\t\t\t<h2 class=\"elementor-heading-title elementor-size-default\">The Art of Breath<\/h2>\t\t\t\t<\/div>\n\t\t\t\t<\/div>\n\t\t\t\t<div class=\"elementor-element elementor-element-2a1fafb3 elementor-widget elementor-widget-text-editor\" data-id=\"2a1fafb3\" data-element_type=\"widget\" data-e-type=\"widget\" data-widget_type=\"text-editor.default\">\n\t\t\t\t<div class=\"elementor-widget-container\">\n\t\t\t\t\t\t\t\t\t<p>Dauer: 90 Min.<\/p><p>Energieausgleich: 33\u20ac\u00a0<\/p><p>Du m\u00f6chtest den Workshop kaufen?<\/p>\t\t\t\t\t\t\t\t<\/div>\n\t\t\t\t<\/div>\n\t\t\t\t<div class=\"elementor-element elementor-element-651b6fcb elementor-widget elementor-widget-text-editor\" data-id=\"651b6fcb\" data-element_type=\"widget\" data-e-type=\"widget\" data-widget_type=\"text-editor.default\">\n\t\t\t\t<div class=\"elementor-widget-container\">\n\t\t\t\t\t\t\t\t\t<p><span style=\"font-size: 12px;\">Trage hier deine Daten ein und ich melde mich bei dir mit allen weiteren Informationen zur Kaufabwicklung.<\/span><\/p>\t\t\t\t\t\t\t\t<\/div>\n\t\t\t\t<\/div>\n\t\t\t\t<div class=\"elementor-element elementor-element-2e4c006c elementor-button-align-center elementor-widget elementor-widget-form\" data-id=\"2e4c006c\" data-element_type=\"widget\" data-e-type=\"widget\" data-settings=\"{&quot;step_next_label&quot;:&quot;Next&quot;,&quot;step_previous_label&quot;:&quot;Previous&quot;,&quot;step_type&quot;:&quot;number_text&quot;,&quot;step_icon_shape&quot;:&quot;circle&quot;}\" data-widget_type=\"form.default\">\n\t\t\t\t<div class=\"elementor-widget-container\">\n\t\t\t\t\t\t\t<form class=\"elementor-form\" method=\"post\" name=\"New Form\" aria-label=\"New Form\">\n\t\t\t<input type=\"hidden\" name=\"post_id\" value=\"2450\"\/>\n\t\t\t<input type=\"hidden\" name=\"form_id\" value=\"2e4c006c\"\/>\n\t\t\t<input type=\"hidden\" name=\"referer_title\" value=\"1:1 Begleitung\" \/>\n\n\t\t\t\t\t\t\t<input type=\"hidden\" name=\"queried_id\" value=\"2450\"\/>\n\t\t\t\n\t\t\t<div class=\"elementor-form-fields-wrapper elementor-labels-\">\n\t\t\t\t\t\t\t\t<div class=\"elementor-field-type-text elementor-field-group elementor-column elementor-field-group-name elementor-col-50 elementor-field-required\">\n\t\t\t\t\t\t\t\t\t\t\t\t<label for=\"form-field-name\" class=\"elementor-field-label elementor-screen-only\">\n\t\t\t\t\t\t\t\tName\t\t\t\t\t\t\t<\/label>\n\t\t\t\t\t\t\t\t\t\t\t\t\t\t<input size=\"1\" type=\"text\" name=\"form_fields[name]\" id=\"form-field-name\" class=\"elementor-field elementor-size-sm  elementor-field-textual\" placeholder=\"Name\" required=\"required\">\n\t\t\t\t\t\t\t\t\t\t\t<\/div>\n\t\t\t\t\t\t\t\t<div class=\"elementor-field-type-text elementor-field-group elementor-column elementor-field-group-field_19cfe31 elementor-col-50\">\n\t\t\t\t\t\t\t\t\t\t\t\t<label for=\"form-field-field_19cfe31\" class=\"elementor-field-label elementor-screen-only\">\n\t\t\t\t\t\t\t\tVorname\t\t\t\t\t\t\t<\/label>\n\t\t\t\t\t\t\t\t\t\t\t\t\t\t<input size=\"1\" type=\"text\" name=\"form_fields[field_19cfe31]\" id=\"form-field-field_19cfe31\" class=\"elementor-field elementor-size-sm  elementor-field-textual\" placeholder=\"Vorname\">\n\t\t\t\t\t\t\t\t\t\t\t<\/div>\n\t\t\t\t\t\t\t\t<div class=\"elementor-field-type-email elementor-field-group elementor-column elementor-field-group-email elementor-col-100 elementor-field-required\">\n\t\t\t\t\t\t\t\t\t\t\t\t<label for=\"form-field-email\" class=\"elementor-field-label elementor-screen-only\">\n\t\t\t\t\t\t\t\tEmail\t\t\t\t\t\t\t<\/label>\n\t\t\t\t\t\t\t\t\t\t\t\t\t\t<input size=\"1\" type=\"email\" name=\"form_fields[email]\" id=\"form-field-email\" class=\"elementor-field elementor-size-sm  elementor-field-textual\" placeholder=\"Email\" required=\"required\">\n\t\t\t\t\t\t\t\t\t\t\t<\/div>\n\t\t\t\t\t\t\t\t<div class=\"elementor-field-group elementor-column elementor-field-type-submit elementor-col-100 e-form__buttons\">\n\t\t\t\t\t<button class=\"elementor-button elementor-size-xs\" type=\"submit\">\n\t\t\t\t\t\t<span class=\"elementor-button-content-wrapper\">\n\t\t\t\t\t\t\t\t\t\t\t\t\t\t\t\t\t\t\t\t\t\t<span class=\"elementor-button-text\">Aufzeichnung anfragen<\/span>\n\t\t\t\t\t\t\t\t\t\t\t\t\t<\/span>\n\t\t\t\t\t<\/button>\n\t\t\t\t<\/div>\n\t\t\t<\/div>\n\t\t<\/form>\n\t\t\t\t\t\t<\/div>\n\t\t\t\t<\/div>\n\t\t\t\t\t<\/div>\n\t\t<\/div>\n\t\t\t\t\t<\/div>\n\t\t<\/section>\n\t\t\t\t\t<\/div>\n\t\t<\/div>\n\t\t\t\t\t<\/div>\n\t\t<\/section>\n\t\t\t\t<section class=\"elementor-section elementor-top-section elementor-element elementor-element-a4851f6 elementor-section-boxed elementor-section-height-default elementor-section-height-default\" data-id=\"a4851f6\" data-element_type=\"section\" data-e-type=\"section\" data-settings=\"{&quot;_ha_eqh_enable&quot;:false}\">\n\t\t\t\t\t\t<div class=\"elementor-container elementor-column-gap-default\">\n\t\t\t\t\t<div class=\"elementor-column elementor-col-100 elementor-top-column elementor-element elementor-element-0cb4d38\" data-id=\"0cb4d38\" data-element_type=\"column\" data-e-type=\"column\">\n\t\t\t<div class=\"elementor-widget-wrap\">\n\t\t\t\t\t\t\t<\/div>\n\t\t<\/div>\n\t\t\t\t\t<\/div>\n\t\t<\/section>\n\t\t\t\t<\/div>\n\t\t","protected":false},"excerpt":{"rendered":"<p>Ich glaube zutiefst an die Transformationskraft von Breathwork.\u00a0 Deshalb ist die Arbeit in einem 1:1 Setting das Herzst\u00fcck meines Wirkens. Im Rahmen einer 1:1 Begleitung liegt der Fokus nur auf dir und deiner Ent-wicklung. Breathwork ist deine Reise zur\u00fcck zu dir, zu deiner pers\u00f6nlichen Integrit\u00e4t und emotionalen Freiheit.\u00a0 Wenn du mutig diesen Weg antrittst, wirst [&hellip;]<\/p>\n","protected":false},"author":3,"featured_media":0,"parent":0,"menu_order":0,"comment_status":"closed","ping_status":"closed","template":"","meta":{"footnotes":""},"class_list":["post-2450","page","type-page","status-publish","hentry"],"_links":{"self":[{"href":"https:\/\/breathwork-hannover.com\/index.php?rest_route=\/wp\/v2\/pages\/2450","targetHints":{"allow":["GET"]}}],"collection":[{"href":"https:\/\/breathwork-hannover.com\/index.php?rest_route=\/wp\/v2\/pages"}],"about":[{"href":"https:\/\/breathwork-hannover.com\/index.php?rest_route=\/wp\/v2\/types\/page"}],"author":[{"embeddable":true,"href":"https:\/\/breathwork-hannover.com\/index.php?rest_route=\/wp\/v2\/users\/3"}],"replies":[{"embeddable":true,"href":"https:\/\/breathwork-hannover.com\/index.php?rest_route=%2Fwp%2Fv2%2Fcomments&post=2450"}],"version-history":[{"count":67,"href":"https:\/\/breathwork-hannover.com\/index.php?rest_route=\/wp\/v2\/pages\/2450\/revisions"}],"predecessor-version":[{"id":3261,"href":"https:\/\/breathwork-hannover.com\/index.php?rest_route=\/wp\/v2\/pages\/2450\/revisions\/3261"}],"wp:attachment":[{"href":"https:\/\/breathwork-hannover.com\/index.php?rest_route=%2Fwp%2Fv2%2Fmedia&parent=2450"}],"curies":[{"name":"wp","href":"https:\/\/api.w.org\/{rel}","templated":true}]}}