{"id":2300,"date":"2024-02-20T15:46:24","date_gmt":"2024-02-20T15:46:24","guid":{"rendered":"https:\/\/breathwork-hannover.com\/?page_id=2300"},"modified":"2024-02-20T15:51:56","modified_gmt":"2024-02-20T15:51:56","slug":"impressum","status":"publish","type":"page","link":"https:\/\/breathwork-hannover.com\/?page_id=2300","title":{"rendered":"Impressum"},"content":{"rendered":"\t\t<div data-elementor-type=\"wp-page\" data-elementor-id=\"2300\" class=\"elementor elementor-2300\" data-elementor-post-type=\"page\">\n\t\t\t\t\t\t<section class=\"elementor-section elementor-top-section elementor-element elementor-element-284bcd1d elementor-section-boxed elementor-section-height-default elementor-section-height-default\" data-id=\"284bcd1d\" data-element_type=\"section\" data-e-type=\"section\" data-settings=\"{&quot;background_background&quot;:&quot;classic&quot;,&quot;_ha_eqh_enable&quot;:false}\">\n\t\t\t\t\t\t\t<div class=\"elementor-background-overlay\"><\/div>\n\t\t\t\t\t\t\t<div class=\"elementor-container elementor-column-gap-default\">\n\t\t\t\t\t<div class=\"elementor-column elementor-col-100 elementor-top-column elementor-element elementor-element-5f42a151\" data-id=\"5f42a151\" data-element_type=\"column\" data-e-type=\"column\" data-settings=\"{&quot;background_background&quot;:&quot;classic&quot;}\">\n\t\t\t<div class=\"elementor-widget-wrap elementor-element-populated\">\n\t\t\t\t\t\t<section class=\"elementor-section elementor-inner-section elementor-element elementor-element-2dc949dc elementor-section-boxed elementor-section-height-default elementor-section-height-default\" data-id=\"2dc949dc\" data-element_type=\"section\" data-e-type=\"section\" data-settings=\"{&quot;_ha_eqh_enable&quot;:false}\">\n\t\t\t\t\t\t<div class=\"elementor-container elementor-column-gap-default\">\n\t\t\t\t\t<div class=\"elementor-column elementor-col-100 elementor-inner-column elementor-element elementor-element-1d48365a\" data-id=\"1d48365a\" data-element_type=\"column\" data-e-type=\"column\">\n\t\t\t<div class=\"elementor-widget-wrap elementor-element-populated\">\n\t\t\t\t\t\t<div class=\"elementor-element elementor-element-33425dcc elementor-widget elementor-widget-heading\" data-id=\"33425dcc\" data-element_type=\"widget\" data-e-type=\"widget\" data-widget_type=\"heading.default\">\n\t\t\t\t<div class=\"elementor-widget-container\">\n\t\t\t\t\t<h2 class=\"elementor-heading-title elementor-size-default\">Impressum<\/h2>\t\t\t\t<\/div>\n\t\t\t\t<\/div>\n\t\t\t\t<div class=\"elementor-element elementor-element-142448f0 elementor-widget elementor-widget-text-editor\" data-id=\"142448f0\" data-element_type=\"widget\" data-e-type=\"widget\" data-widget_type=\"text-editor.default\">\n\t\t\t\t<div class=\"elementor-widget-container\">\n\t\t\t\t\t\t\t\t\t<p style=\"margin-right: 0px; margin-bottom: 0px; margin-left: 0px; font-stretch: normal; font-size: 15px; line-height: normal; font-family: Helvetica; color: #000000;\">\u00a0<\/p><p style=\"margin-right: 0px; margin-bottom: 15px; margin-left: 0px; font-stretch: normal; font-size: 13px; line-height: normal; font-family: Helvetica; color: #000000;\"><b>Angaben gem\u00e4\u00df \u00a7 5 TMG<\/b><\/p><p style=\"margin-right: 0px; margin-bottom: 15px; margin-left: 0px; font-stretch: normal; font-size: 10px; line-height: normal; font-family: Helvetica; color: #000000;\">Antonia Gehrke<br \/>Breathwork Hannover<br \/>Heidelbeerweg 4<br \/>30900 Wedemark<\/p><p style=\"margin-right: 0px; margin-bottom: 15px; margin-left: 0px; font-stretch: normal; font-size: 13px; line-height: normal; font-family: Helvetica; color: #000000;\"><b>Kontakt<\/b><\/p><p style=\"margin-right: 0px; margin-bottom: 15px; margin-left: 0px; font-stretch: normal; font-size: 10px; line-height: normal; font-family: Helvetica; color: #000000;\">Telefon: 0171-2693764<br \/>E-Mail: hi@breathwork-hannover.com<\/p><p style=\"margin-right: 0px; margin-bottom: 15px; margin-left: 0px; font-stretch: normal; font-size: 13px; line-height: normal; font-family: Helvetica; color: #000000;\"><b>Fotografie<\/b><\/p><p style=\"margin-right: 0px; margin-bottom: 0px; margin-left: 0px; font-stretch: normal; font-size: 10px; line-height: normal; font-family: Helvetica; color: #000000;\">Lisa Junker\u00a0<\/p><p style=\"margin-right: 0px; margin-bottom: 0px; margin-left: 0px; font-stretch: normal; font-size: 10px; line-height: normal; font-family: Helvetica; color: #000000;\">Marina &#8230;<\/p><p style=\"margin-right: 0px; margin-bottom: 0px; margin-left: 0px; font-stretch: normal; font-size: 10px; line-height: normal; font-family: Helvetica; color: #000000;\">\u00a0<\/p><p style=\"margin-right: 0px; margin-bottom: 15px; margin-left: 0px; font-stretch: normal; font-size: 13px; line-height: normal; font-family: Helvetica; color: #000000;\"><b>EU-Streitschlichtung<\/b><\/p><p style=\"margin-right: 0px; margin-bottom: 15px; margin-left: 0px; font-stretch: normal; font-size: 10px; line-height: normal; font-family: Helvetica; color: #000000;\">Die Europ\u00e4ische Kommission stellt eine Plattform zur Online-Streitbeilegung (OS) bereit:<br \/>https:\/\/ec.europa.eu\/consumers\/odr\/.<br \/>Unsere E-Mail-Adresse finden Sie oben im Impressum.<\/p><p style=\"margin-right: 0px; margin-bottom: 15px; margin-left: 0px; font-stretch: normal; font-size: 13px; line-height: normal; font-family: Helvetica; color: #000000;\"><b>Verbraucherstreitbeilegung\/\u00a0 Universalschlichtungsstelle<\/b><\/p><p style=\"margin-right: 0px; margin-bottom: 15px; margin-left: 0px; font-stretch: normal; font-size: 10px; line-height: normal; font-family: Helvetica; color: #000000;\">Wir sind nicht bereit oder verpflichtet, an Streitbeilegungsverfahren vor einer<br \/>Verbraucherschlichtungsstelle teilzunehmen.<\/p><p style=\"margin-right: 0px; margin-bottom: 15px; margin-left: 0px; font-stretch: normal; font-size: 10px; line-height: normal; font-family: Helvetica; color: #000000;\">\u00a0<b style=\"font-size: 13px;\">Urheberrecht<\/b><\/p><p style=\"margin-right: 0px; margin-bottom: 15px; margin-left: 0px; font-stretch: normal; font-size: 10px; line-height: normal; font-family: Helvetica; color: #000000;\">Die auf der Website ver\u00f6ffentlichten Inhalte, Werke und bereitgestellten Informationen unterliegen dem deutschen Urheberrecht. Die Vervielf\u00e4ltigung, Bearbeitung, Verbreitung und jede Art der Verwertung au\u00dferhalb der Grenzen des Urheberrechtes bed\u00fcrfen der schriftlichen Zustimmung des jeweiligen Autors bzw. Erstellers. Downloads und Kopien dieser Seite sind nur f\u00fcr den privaten, nicht kommerziellen Gebrauch gestattet. Soweit die Inhalte auf dieser Seite nicht vom Betreiber erstellt wurden, werden die Urheberrechte Dritter beachtet. Insbesondere werden Inhalte Dritter als solche gekennzeichnet. Sollten Sie trotzdem auf eine Urheberrechtsverletzung aufmerksam werden, bitten wir um einen entsprechenden Hinweis. Bei Bekanntwerden von Rechtsverletzungen werden wir derartige Inhalte umgehend entfernen.<\/p><div>\u00a0<\/div>\t\t\t\t\t\t\t\t<\/div>\n\t\t\t\t<\/div>\n\t\t\t\t\t<\/div>\n\t\t<\/div>\n\t\t\t\t\t<\/div>\n\t\t<\/section>\n\t\t\t\t\t<\/div>\n\t\t<\/div>\n\t\t\t\t\t<\/div>\n\t\t<\/section>\n\t\t\t\t<\/div>\n\t\t","protected":false},"excerpt":{"rendered":"<p>Impressum \u00a0 Angaben gem\u00e4\u00df \u00a7 5 TMG Antonia GehrkeBreathwork HannoverHeidelbeerweg 430900 Wedemark Kontakt Telefon: 0171-2693764E-Mail: hi@breathwork-hannover.com Fotografie Lisa Junker\u00a0 Marina &#8230; \u00a0 EU-Streitschlichtung Die Europ\u00e4ische Kommission stellt eine Plattform zur Online-Streitbeilegung (OS) bereit:https:\/\/ec.europa.eu\/consumers\/odr\/.Unsere E-Mail-Adresse finden Sie oben im Impressum. Verbraucherstreitbeilegung\/\u00a0 Universalschlichtungsstelle Wir sind nicht bereit oder verpflichtet, an Streitbeilegungsverfahren vor einerVerbraucherschlichtungsstelle teilzunehmen. \u00a0Urheberrecht Die auf [&hellip;]<\/p>\n","protected":false},"author":3,"featured_media":0,"parent":0,"menu_order":0,"comment_status":"closed","ping_status":"closed","template":"","meta":{"footnotes":""},"class_list":["post-2300","page","type-page","status-publish","hentry"],"_links":{"self":[{"href":"https:\/\/breathwork-hannover.com\/index.php?rest_route=\/wp\/v2\/pages\/2300","targetHints":{"allow":["GET"]}}],"collection":[{"href":"https:\/\/breathwork-hannover.com\/index.php?rest_route=\/wp\/v2\/pages"}],"about":[{"href":"https:\/\/breathwork-hannover.com\/index.php?rest_route=\/wp\/v2\/types\/page"}],"author":[{"embeddable":true,"href":"https:\/\/breathwork-hannover.com\/index.php?rest_route=\/wp\/v2\/users\/3"}],"replies":[{"embeddable":true,"href":"https:\/\/breathwork-hannover.com\/index.php?rest_route=%2Fwp%2Fv2%2Fcomments&post=2300"}],"version-history":[{"count":4,"href":"https:\/\/breathwork-hannover.com\/index.php?rest_route=\/wp\/v2\/pages\/2300\/revisions"}],"predecessor-version":[{"id":2307,"href":"https:\/\/breathwork-hannover.com\/index.php?rest_route=\/wp\/v2\/pages\/2300\/revisions\/2307"}],"wp:attachment":[{"href":"https:\/\/breathwork-hannover.com\/index.php?rest_route=%2Fwp%2Fv2%2Fmedia&parent=2300"}],"curies":[{"name":"wp","href":"https:\/\/api.w.org\/{rel}","templated":true}]}}